{"id":2,"date":"2012-11-26T22:36:51","date_gmt":"2012-11-26T22:36:51","guid":{"rendered":"http:\/\/solwielicka.pl\/?page_id=2"},"modified":"2015-04-20T12:54:55","modified_gmt":"2015-04-20T11:54:55","slug":"sample-page","status":"publish","type":"page","link":"https:\/\/solwielicka.pl\/?page_id=2","title":{"rendered":"O nas"},"content":{"rendered":"<p><a href=\"http:\/\/www.kamsol.pl\"><img loading=\"lazy\" decoding=\"async\" class=\"aligncenter wp-image-120\" src=\"http:\/\/solwielicka.pl\/wp-content\/uploads\/2013\/12\/kamsol_logo_wybrane-300x206.jpg\" alt=\"KamSol - dystrybutor tabletek solnych Soda Polska Ciech S.A.\" width=\"113\" height=\"80\" \/><\/a><\/p>\n<p style=\"text-align: justify;\">Firma <a title=\"Kamsol Dystrybutor Soli Soda polska Ciech S.A.\" href=\"http:\/\/www.kamsol.pl\" target=\"_blank\"><strong>Kamsol<\/strong> <\/a>specjalizuje si\u0119 w dystrybucji najwy\u017cszej jako\u015bci soli:<\/p>\n<ul style=\"text-align: justify;\">\n<li>soli tabletkowanej (soli pastylkowanej, tabletek solnych),\u00a0 tzw. soli do zmi\u0119kczaczy wody, wykorzystywanych w procesie uzdatniania wody<\/li>\n<li>soli do przemys\u0142u spo\u017cywczego \u2013 mi\u0119dzy innymi warzonej spo\u017cywczej, soli spo\u017cywczej jodowanej oraz\u00a0 peklosoli (azotynowej soli pekluj\u0105cej) produkowanej z soli Soda Polska Ciech S.A., jak i z soli z Kopalni Soli w Wieliczce.<\/li>\n<li>soli kosmetycznych Kinga i\u00a0oraz \u00a0tzw. soli\u00a0leczniczych, jak np. s\u00f3l Regis<\/li>\n<\/ul>\n<p style=\"text-align: justify;\">Nasza dzia\u0142alno\u015b\u0107 nie ogranicza si\u0119 wy\u0142\u0105cznie do dystrybucji i sprzeda\u017cy soli ( tabletkowanej, kosmetycznej i spo\u017cywczej ) w Krakowie i okolicach. Wsp\u00f3\u0142pracujemy z Kontrahentami na terenie ca\u0142ej Europy, kt\u00f3rzy doceniaj\u0105 najwy\u017csz\u0105 jako\u015b\u0107 oferowanych przez nasz\u0105 firm\u0119 produkt\u00f3w oraz wysoki standard obs\u0142ugi. Dysponujemy nowoczesnymi magazynami wysokiego sk\u0142adowania, w\u0142asnym transportem (3.5t \u2013 24 t) oraz wieloletnim do\u015bwiadczeniem logistycznym Posiadamy niezb\u0119dne za\u015bwiadczenia, atesty i certyfikaty gwarantuj\u0105ce, \u017ce nasze produkty s\u0105 zgodne z normami europejskimi i obowi\u0105zuj\u0105cymi przepisami Naszym wy\u0142\u0105cznym Dostawc\u0105 soli tabletkowanej i peklosoli jest potentat w produkcji soli w Polsce, firma Soda Polska Ciech S.A. z siedzib\u0105 w Janikowie.<br \/>\nNajwy\u017csza jako\u015b\u0107 oferowanych przez nasz\u0105 firm\u0119 produkt\u00f3w jest powszechnie doceniana w ca\u0142ej Europie i na \u015bwiecie. Naszymi Klientami s\u0105 mi\u0119dzy innymi hurtownie chemiczne, szpitale, hotele, firmy specjalizuj\u0105ce si\u0119 w uzdatnianiu wody, myjnie samochodowe, a tak\u017ce zak\u0142ady przetw\u00f3rstwa mi\u0119snego oraz\u00a0 inni producenci \u017cywno\u015bci.<br \/>\nOfert\u0119 nasz\u0105 kierujemy zar\u00f3wno do du\u017cych podmiot\u00f3w gospodarczych, hurtowni, \u00a0jak i Klient\u00f3w indywidualnych.<\/p>\n<p style=\"text-align: justify;\">W naszej ofercie znajdziecie Pa\u0144stwo r\u00f3wnie\u017c testery twardo\u015bci wody, filtry do wody i inne akcesoria<\/p>\n<p style=\"text-align: justify;\"><strong>\u00a0<\/strong>W\u0142a\u015bcicielem domen: solwielicka.pl oraz solwieliczka.pl jest firma <a title=\"dystrybutor i hurtownia tabletek solnych Ciech w Krakowie\" href=\"http:\/\/www.kamsol.pl\" target=\"_blank\">Kamsol<\/a><\/p>\n<div><strong>Zapraszamy do odwiedzenia naszej strony i sklepu internetowego <a href=\"http:\/\/www.kamsol.pl\">www.kamsol.pl<\/a><\/strong><\/div>\n<div><\/div>\n<div><span style=\"text-decoration: underline;\"><strong>Dane kontaktowe<\/strong><\/span><\/div>\n<div><a title=\"KamSol dystrybutor solid tabletkowanej do zmi\u0119kczaczy wody\" href=\"http:\/\/www.kamsol.pl\" target=\"_blank\">KamSol<\/a><\/div>\n<div>\u015aledziejowice 208 k.Wieliczki<\/div>\n<div>32-020 Wieliczka<\/div>\n<div>email: <a href=\"mailto:biuro@kamsol.pl\">biuro@kamsol.pl<\/a><\/div>\n<div>www. <a href=\"http:\/\/www.kamsol.pl\">www.kamsol.pl<\/a><\/div>\n<div>tel.\u00a0 +48 12 345 02 99<\/div>\n<div>\n<div>fax. +48 12 345 03 99<\/div>\n<\/div>\n<div><\/div>\n<div><\/div>\n","protected":false},"excerpt":{"rendered":"<p>Firma Kamsol specjalizuje si\u0119 w dystrybucji najwy\u017cszej jako\u015bci soli: soli tabletkowanej (soli pastylkowanej, tabletek solnych),\u00a0 tzw. soli do zmi\u0119kczaczy wody, wykorzystywanych w procesie uzdatniania wody soli do przemys\u0142u spo\u017cywczego \u2013 mi\u0119dzy innymi warzonej spo\u017cywczej, soli spo\u017cywczej jodowanej oraz\u00a0 peklosoli (azotynowej &hellip; <a href=\"https:\/\/solwielicka.pl\/?page_id=2\">Czytaj dalej <span class=\"meta-nav\">&rarr;<\/span><\/a><\/p>\n","protected":false},"author":1,"featured_media":0,"parent":0,"menu_order":0,"comment_status":"open","ping_status":"open","template":"","meta":{"footnotes":""},"yoast_head":"<!-- This site is optimized with the Yoast SEO plugin v24.5 - https:\/\/yoast.com\/wordpress\/plugins\/seo\/ -->\n<title>O nas - KamSol - Dystrybutor Soli Premium, Ciech S.A. oraz Solino. Tabletki solne do zmi\u0119kczaczy wody, s\u00f3l tabletkowana, tabletki solne, s\u00f3l spo\u017cywcza warzona, peklos\u00f3l i sole kosmetyczne.<\/title>\n<meta name=\"robots\" content=\"index, follow, max-snippet:-1, max-image-preview:large, max-video-preview:-1\" \/>\n<link rel=\"canonical\" href=\"https:\/\/solwielicka.pl\/?page_id=2\" \/>\n<meta property=\"og:locale\" content=\"pl_PL\" \/>\n<meta property=\"og:type\" content=\"article\" \/>\n<meta property=\"og:title\" content=\"O nas - KamSol - Dystrybutor Soli Premium, Ciech S.A. oraz Solino. Tabletki solne do zmi\u0119kczaczy wody, s\u00f3l tabletkowana, tabletki solne, s\u00f3l spo\u017cywcza warzona, peklos\u00f3l i sole kosmetyczne.\" \/>\n<meta property=\"og:description\" content=\"Firma Kamsol specjalizuje si\u0119 w dystrybucji najwy\u017cszej jako\u015bci soli: soli tabletkowanej (soli pastylkowanej, tabletek solnych),\u00a0 tzw. soli do zmi\u0119kczaczy wody, wykorzystywanych w procesie uzdatniania wody soli do przemys\u0142u spo\u017cywczego \u2013 mi\u0119dzy innymi warzonej spo\u017cywczej, soli spo\u017cywczej jodowanej oraz\u00a0 peklosoli (azotynowej &hellip; Czytaj dalej &rarr;\" \/>\n<meta property=\"og:url\" content=\"https:\/\/solwielicka.pl\/?page_id=2\" \/>\n<meta property=\"og:site_name\" content=\"KamSol - Dystrybutor Soli Premium, Ciech S.A. oraz Solino. Tabletki solne do zmi\u0119kczaczy wody, s\u00f3l tabletkowana, tabletki solne, s\u00f3l spo\u017cywcza warzona, peklos\u00f3l i sole kosmetyczne.\" \/>\n<meta property=\"article:modified_time\" content=\"2015-04-20T11:54:55+00:00\" \/>\n<meta property=\"og:image\" content=\"http:\/\/solwielicka.pl\/wp-content\/uploads\/2013\/12\/kamsol_logo_wybrane-300x206.jpg\" \/>\n<meta name=\"twitter:card\" content=\"summary_large_image\" \/>\n<meta name=\"twitter:label1\" content=\"Szacowany czas czytania\" \/>\n\t<meta name=\"twitter:data1\" content=\"2 minuty\" \/>\n<script type=\"application\/ld+json\" class=\"yoast-schema-graph\">{\"@context\":\"https:\/\/schema.org\",\"@graph\":[{\"@type\":\"WebPage\",\"@id\":\"https:\/\/solwielicka.pl\/?page_id=2\",\"url\":\"https:\/\/solwielicka.pl\/?page_id=2\",\"name\":\"O nas - KamSol - Dystrybutor Soli Premium, Ciech S.A. oraz Solino. Tabletki solne do zmi\u0119kczaczy wody, s\u00f3l tabletkowana, tabletki solne, s\u00f3l spo\u017cywcza warzona, peklos\u00f3l i sole kosmetyczne.\",\"isPartOf\":{\"@id\":\"https:\/\/solwielicka.pl\/#website\"},\"primaryImageOfPage\":{\"@id\":\"https:\/\/solwielicka.pl\/?page_id=2#primaryimage\"},\"image\":{\"@id\":\"https:\/\/solwielicka.pl\/?page_id=2#primaryimage\"},\"thumbnailUrl\":\"http:\/\/solwielicka.pl\/wp-content\/uploads\/2013\/12\/kamsol_logo_wybrane-300x206.jpg\",\"datePublished\":\"2012-11-26T22:36:51+00:00\",\"dateModified\":\"2015-04-20T11:54:55+00:00\",\"breadcrumb\":{\"@id\":\"https:\/\/solwielicka.pl\/?page_id=2#breadcrumb\"},\"inLanguage\":\"pl-PL\",\"potentialAction\":[{\"@type\":\"ReadAction\",\"target\":[\"https:\/\/solwielicka.pl\/?page_id=2\"]}]},{\"@type\":\"ImageObject\",\"inLanguage\":\"pl-PL\",\"@id\":\"https:\/\/solwielicka.pl\/?page_id=2#primaryimage\",\"url\":\"http:\/\/solwielicka.pl\/wp-content\/uploads\/2013\/12\/kamsol_logo_wybrane-300x206.jpg\",\"contentUrl\":\"http:\/\/solwielicka.pl\/wp-content\/uploads\/2013\/12\/kamsol_logo_wybrane-300x206.jpg\"},{\"@type\":\"BreadcrumbList\",\"@id\":\"https:\/\/solwielicka.pl\/?page_id=2#breadcrumb\",\"itemListElement\":[{\"@type\":\"ListItem\",\"position\":1,\"name\":\"Strona g\u0142\u00f3wna\",\"item\":\"https:\/\/solwielicka.pl\/\"},{\"@type\":\"ListItem\",\"position\":2,\"name\":\"O nas\"}]},{\"@type\":\"WebSite\",\"@id\":\"https:\/\/solwielicka.pl\/#website\",\"url\":\"https:\/\/solwielicka.pl\/\",\"name\":\"KamSol - Dystrybutor Soli Premium, Ciech S.A. oraz Solino. Tabletki solne do zmi\u0119kczaczy wody, s\u00f3l tabletkowana, tabletki solne, s\u00f3l spo\u017cywcza warzona, peklos\u00f3l i sole kosmetyczne.\",\"description\":\"Blog Kamsol - sole Premium, Ciech i Solino\",\"potentialAction\":[{\"@type\":\"SearchAction\",\"target\":{\"@type\":\"EntryPoint\",\"urlTemplate\":\"https:\/\/solwielicka.pl\/?s={search_term_string}\"},\"query-input\":{\"@type\":\"PropertyValueSpecification\",\"valueRequired\":true,\"valueName\":\"search_term_string\"}}],\"inLanguage\":\"pl-PL\"}]}<\/script>\n<!-- \/ Yoast SEO plugin. -->","yoast_head_json":{"title":"O nas - KamSol - Dystrybutor Soli Premium, Ciech S.A. oraz Solino. Tabletki solne do zmi\u0119kczaczy wody, s\u00f3l tabletkowana, tabletki solne, s\u00f3l spo\u017cywcza warzona, peklos\u00f3l i sole kosmetyczne.","robots":{"index":"index","follow":"follow","max-snippet":"max-snippet:-1","max-image-preview":"max-image-preview:large","max-video-preview":"max-video-preview:-1"},"canonical":"https:\/\/solwielicka.pl\/?page_id=2","og_locale":"pl_PL","og_type":"article","og_title":"O nas - KamSol - Dystrybutor Soli Premium, Ciech S.A. oraz Solino. Tabletki solne do zmi\u0119kczaczy wody, s\u00f3l tabletkowana, tabletki solne, s\u00f3l spo\u017cywcza warzona, peklos\u00f3l i sole kosmetyczne.","og_description":"Firma Kamsol specjalizuje si\u0119 w dystrybucji najwy\u017cszej jako\u015bci soli: soli tabletkowanej (soli pastylkowanej, tabletek solnych),\u00a0 tzw. soli do zmi\u0119kczaczy wody, wykorzystywanych w procesie uzdatniania wody soli do przemys\u0142u spo\u017cywczego \u2013 mi\u0119dzy innymi warzonej spo\u017cywczej, soli spo\u017cywczej jodowanej oraz\u00a0 peklosoli (azotynowej &hellip; Czytaj dalej &rarr;","og_url":"https:\/\/solwielicka.pl\/?page_id=2","og_site_name":"KamSol - Dystrybutor Soli Premium, Ciech S.A. oraz Solino. Tabletki solne do zmi\u0119kczaczy wody, s\u00f3l tabletkowana, tabletki solne, s\u00f3l spo\u017cywcza warzona, peklos\u00f3l i sole kosmetyczne.","article_modified_time":"2015-04-20T11:54:55+00:00","og_image":[{"url":"http:\/\/solwielicka.pl\/wp-content\/uploads\/2013\/12\/kamsol_logo_wybrane-300x206.jpg","type":"","width":"","height":""}],"twitter_card":"summary_large_image","twitter_misc":{"Szacowany czas czytania":"2 minuty"},"schema":{"@context":"https:\/\/schema.org","@graph":[{"@type":"WebPage","@id":"https:\/\/solwielicka.pl\/?page_id=2","url":"https:\/\/solwielicka.pl\/?page_id=2","name":"O nas - KamSol - Dystrybutor Soli Premium, Ciech S.A. oraz Solino. Tabletki solne do zmi\u0119kczaczy wody, s\u00f3l tabletkowana, tabletki solne, s\u00f3l spo\u017cywcza warzona, peklos\u00f3l i sole kosmetyczne.","isPartOf":{"@id":"https:\/\/solwielicka.pl\/#website"},"primaryImageOfPage":{"@id":"https:\/\/solwielicka.pl\/?page_id=2#primaryimage"},"image":{"@id":"https:\/\/solwielicka.pl\/?page_id=2#primaryimage"},"thumbnailUrl":"http:\/\/solwielicka.pl\/wp-content\/uploads\/2013\/12\/kamsol_logo_wybrane-300x206.jpg","datePublished":"2012-11-26T22:36:51+00:00","dateModified":"2015-04-20T11:54:55+00:00","breadcrumb":{"@id":"https:\/\/solwielicka.pl\/?page_id=2#breadcrumb"},"inLanguage":"pl-PL","potentialAction":[{"@type":"ReadAction","target":["https:\/\/solwielicka.pl\/?page_id=2"]}]},{"@type":"ImageObject","inLanguage":"pl-PL","@id":"https:\/\/solwielicka.pl\/?page_id=2#primaryimage","url":"http:\/\/solwielicka.pl\/wp-content\/uploads\/2013\/12\/kamsol_logo_wybrane-300x206.jpg","contentUrl":"http:\/\/solwielicka.pl\/wp-content\/uploads\/2013\/12\/kamsol_logo_wybrane-300x206.jpg"},{"@type":"BreadcrumbList","@id":"https:\/\/solwielicka.pl\/?page_id=2#breadcrumb","itemListElement":[{"@type":"ListItem","position":1,"name":"Strona g\u0142\u00f3wna","item":"https:\/\/solwielicka.pl\/"},{"@type":"ListItem","position":2,"name":"O nas"}]},{"@type":"WebSite","@id":"https:\/\/solwielicka.pl\/#website","url":"https:\/\/solwielicka.pl\/","name":"KamSol - Dystrybutor Soli Premium, Ciech S.A. oraz Solino. Tabletki solne do zmi\u0119kczaczy wody, s\u00f3l tabletkowana, tabletki solne, s\u00f3l spo\u017cywcza warzona, peklos\u00f3l i sole kosmetyczne.","description":"Blog Kamsol - sole Premium, Ciech i Solino","potentialAction":[{"@type":"SearchAction","target":{"@type":"EntryPoint","urlTemplate":"https:\/\/solwielicka.pl\/?s={search_term_string}"},"query-input":{"@type":"PropertyValueSpecification","valueRequired":true,"valueName":"search_term_string"}}],"inLanguage":"pl-PL"}]}},"_links":{"self":[{"href":"https:\/\/solwielicka.pl\/index.php?rest_route=\/wp\/v2\/pages\/2"}],"collection":[{"href":"https:\/\/solwielicka.pl\/index.php?rest_route=\/wp\/v2\/pages"}],"about":[{"href":"https:\/\/solwielicka.pl\/index.php?rest_route=\/wp\/v2\/types\/page"}],"author":[{"embeddable":true,"href":"https:\/\/solwielicka.pl\/index.php?rest_route=\/wp\/v2\/users\/1"}],"replies":[{"embeddable":true,"href":"https:\/\/solwielicka.pl\/index.php?rest_route=%2Fwp%2Fv2%2Fcomments&post=2"}],"version-history":[{"count":11,"href":"https:\/\/solwielicka.pl\/index.php?rest_route=\/wp\/v2\/pages\/2\/revisions"}],"predecessor-version":[{"id":247,"href":"https:\/\/solwielicka.pl\/index.php?rest_route=\/wp\/v2\/pages\/2\/revisions\/247"}],"wp:attachment":[{"href":"https:\/\/solwielicka.pl\/index.php?rest_route=%2Fwp%2Fv2%2Fmedia&parent=2"}],"curies":[{"name":"wp","href":"https:\/\/api.w.org\/{rel}","templated":true}]}}